{"id":37,"date":"2019-01-06T19:29:05","date_gmt":"2019-01-06T19:29:05","guid":{"rendered":"https:\/\/txellalarcon.com\/interiors\/?page_id=37"},"modified":"2025-05-20T11:50:15","modified_gmt":"2025-05-20T10:50:15","slug":"product","status":"publish","type":"page","link":"https:\/\/txellalarcon.com\/es\/product\/","title":{"rendered":"Fotograf\u00eda de productos"},"content":{"rendered":"<p>Uno de los grandes retos del comercio online es que los clientes no pueden tocar ni probar el producto, por lo que deben confiar plenamente en las im\u00e1genes. Como no podr\u00e1n experimentar el art\u00edculo de forma f\u00edsica, tus fotograf\u00edas deben transmitir todo su valor: mostrar sus beneficios, su calidad y su autenticidad.<\/p>\n\n\n\n<p>Existen dos tipos principales de fotograf\u00eda de producto: las im\u00e1genes del producto sobre fondo neutro y las fotos en contexto o estilo de vida. La combinaci\u00f3n de ambas es la manera m\u00e1s efectiva de presentar tu producto y construir una identidad de marca s\u00f3lida y coherente. \u00bfQuieres saber c\u00f3mo preparar una sesi\u00f3n de fotos para tu tienda online y sacar el m\u00e1ximo partido a tus im\u00e1genes? Echa un vistazo a mi art\u00edculo: <a href=\"https:\/\/txellalarcon.com\/es\/2021\/04\/22\/tips-to-prep-a-product-photoshoot-for-your-webshop-to-achieve-the-best-results\/\" data-type=\"post\" data-id=\"1589\">Consejos para preparar una sesi\u00f3n de fotos de producto para tu tienda online.<\/a><\/p>\n\n\n\n<p>Mi objetivo es ofrecerte las mejores im\u00e1genes para tu cat\u00e1logo, tu marca y tu web. <a href=\"https:\/\/txellalarcon.com\/es\/contact-photographer\/\" data-type=\"page\" data-id=\"41\">\u00bfHablamos de tu proyecto?<\/a> Escr\u00edbeme hoy mismo.<\/p>\n\n\n\n<div class=\"wp-block-ftg-gallery\"><!-- Final Tiles Grid Gallery for WordPress v3.6.13 free --><style>#ftg-2626 .tile .icon { color:#ffffff; }#ftg-2626 .ftg-items .loading-bar i { background:#666; }#ftg-2626 .ftg-items .loading-bar { background:#fff; }#ftg-2626 .tile .icon { font-size:12px; }#ftg-2626 .tile .icon { margin: -6px 0 0 -6px; }#ftg-2626 .tile .caption-block .text-wrapper span.text { font-size:12px; }#ftg-2626 .tile .caption-outside .text-wrapper span.text { font-size:12px; }#ftg-2626 .tile .caption-block .text-wrapper span.title { font-size:14px; }#ftg-2626 .tile .caption-outside .text-wrapper span.title { font-size:14px; }#ftg-2626 .tile { background-color: transparent; }#ftg-2626 .tile .caption-block .text-wrapper span.text { color: #ffffff; }#ftg-2626 .tile .caption-block .text-wrapper span.title { color: #ffffff; }#ftg-2626 .tile .caption-outside .text-wrapper span.text { color: #ffffff; }#ftg-2626 .tile .caption-outside .text-wrapper span.title { color: #ffffff; }#ftg-2626 .tile .ftg-social a { color: #ffffff; }#ftg-2626 .tile .caption-block { transition-duration:0.25s; }#ftg-2626 .tile .tile-inner:before { background-color: #000000; }#ftg-2626 .tile .tile-inner:before { background-color: rgba(0, 0, 0, 0.8); }#ftg-2626 .tile:hover img {-moz-transform: ;-webkit-transform: ;-o-transform: ;-ms-transform: ;transform: ;}<\/style><a name=\"26\"><\/a><div class=\"final-tiles-gallery  ftg-hover-enabled caption-inside  caption-none caption-middle caption-center\" id=\"ftg-2626\" style=\"width: 100%\"><div class='ftg-items'><div class='loading-bar'><i><\/i><\/div><div  class='tile ftg-preload'><a title=\"\" data-lightbox='ftg-2626' rel='ftg-2626'  class='tile-inner  ftg-lightbox' href='https:\/\/txellalarcon.com\/wp-content\/uploads\/2019\/03\/DSC_1365-1-681x1024.jpg' ><img alt='' class='item skip-lazy' data-class='item' data-ftg-source='https:\/\/txellalarcon.com\/wp-content\/uploads\/2019\/03\/DSC_1365-1-681x1024.jpg' src='https:\/\/txellalarcon.com\/wp-content\/uploads\/2019\/03\/DSC_1365-1-681x1024.jpg' width='640' height='962' \/><\/a><div class='ftg-social'><\/div><\/div><div  class='tile ftg-preload'><a title=\"\" data-lightbox='ftg-2626' rel='ftg-2626'  class='tile-inner  ftg-lightbox' href='https:\/\/txellalarcon.com\/wp-content\/uploads\/2019\/03\/DSC_1376-1-681x1024.jpg' ><img alt='' class='item skip-lazy' data-class='item' data-ftg-source='https:\/\/txellalarcon.com\/wp-content\/uploads\/2019\/03\/DSC_1376-1-681x1024.jpg' src='https:\/\/txellalarcon.com\/wp-content\/uploads\/2019\/03\/DSC_1376-1-681x1024.jpg' width='640' height='962' \/><\/a><div class='ftg-social'><\/div><\/div><div  class='tile ftg-preload'><a title=\"\" data-lightbox='ftg-2626' rel='ftg-2626'  class='tile-inner  ftg-lightbox' href='https:\/\/txellalarcon.com\/wp-content\/uploads\/2019\/03\/DSC_1343-1-681x1024.jpg' ><img alt='' class='item skip-lazy' data-class='item' data-ftg-source='https:\/\/txellalarcon.com\/wp-content\/uploads\/2019\/03\/DSC_1343-1-681x1024.jpg' src='https:\/\/txellalarcon.com\/wp-content\/uploads\/2019\/03\/DSC_1343-1-681x1024.jpg' width='640' height='962' \/><\/a><div class='ftg-social'><\/div><\/div><div  class='tile ftg-preload'><a title=\"\" data-lightbox='ftg-2626' rel='ftg-2626'  class='tile-inner  ftg-lightbox' href='https:\/\/txellalarcon.com\/wp-content\/uploads\/2019\/03\/TAC_5633-1-681x1024.jpg' ><img alt='' class='item skip-lazy' data-class='item' data-ftg-source='https:\/\/txellalarcon.com\/wp-content\/uploads\/2019\/03\/TAC_5633-1-681x1024.jpg' src='https:\/\/txellalarcon.com\/wp-content\/uploads\/2019\/03\/TAC_5633-1-681x1024.jpg' width='640' height='962' \/><\/a><div class='ftg-social'><\/div><\/div><div  class='tile ftg-preload'><a title=\"\" data-lightbox='ftg-2626' rel='ftg-2626'  class='tile-inner  ftg-lightbox' href='https:\/\/txellalarcon.com\/wp-content\/uploads\/2019\/03\/DSC_3938-1-681x1024.jpg' ><img alt='' class='item skip-lazy' data-class='item' data-ftg-source='https:\/\/txellalarcon.com\/wp-content\/uploads\/2019\/03\/DSC_3938-1-681x1024.jpg' src='https:\/\/txellalarcon.com\/wp-content\/uploads\/2019\/03\/DSC_3938-1-681x1024.jpg' width='640' height='962' \/><\/a><div class='ftg-social'><\/div><\/div><div  class='tile ftg-preload'><a title=\"\" data-lightbox='ftg-2626' rel='ftg-2626'  class='tile-inner  ftg-lightbox' href='https:\/\/txellalarcon.com\/wp-content\/uploads\/2019\/03\/TAC_5912-1-681x1024.jpg' ><img alt='' class='item skip-lazy' data-class='item' data-ftg-source='https:\/\/txellalarcon.com\/wp-content\/uploads\/2019\/03\/TAC_5912-1-681x1024.jpg' src='https:\/\/txellalarcon.com\/wp-content\/uploads\/2019\/03\/TAC_5912-1-681x1024.jpg' width='640' height='962' \/><\/a><div class='ftg-social'><\/div><\/div><div  class='tile ftg-preload'><a title=\"\" data-lightbox='ftg-2626' rel='ftg-2626'  class='tile-inner  ftg-lightbox' href='https:\/\/txellalarcon.com\/wp-content\/uploads\/2019\/03\/TAC_5494-1-1024x681.jpg' ><img alt='' class='item skip-lazy' data-class='item' data-ftg-source='https:\/\/txellalarcon.com\/wp-content\/uploads\/2019\/03\/TAC_5494-1-1024x681.jpg' src='https:\/\/txellalarcon.com\/wp-content\/uploads\/2019\/03\/TAC_5494-1-1024x681.jpg' width='640' height='426' \/><\/a><div class='ftg-social'><\/div><\/div><div  class='tile ftg-preload'><a title=\"\" data-lightbox='ftg-2626' rel='ftg-2626'  class='tile-inner  ftg-lightbox' href='https:\/\/txellalarcon.com\/wp-content\/uploads\/2019\/03\/TAC_7755-1-1024x681.jpg' ><img alt='' class='item skip-lazy' data-class='item' data-ftg-source='https:\/\/txellalarcon.com\/wp-content\/uploads\/2019\/03\/TAC_7755-1-1024x681.jpg' src='https:\/\/txellalarcon.com\/wp-content\/uploads\/2019\/03\/TAC_7755-1-1024x681.jpg' width='640' height='426' \/><\/a><div class='ftg-social'><\/div><\/div><div  class='tile ftg-preload'><a title=\"\" data-lightbox='ftg-2626' rel='ftg-2626'  class='tile-inner  ftg-lightbox' href='https:\/\/txellalarcon.com\/wp-content\/uploads\/2019\/03\/TAC_7059-1024x681.jpg' ><img alt='' class='item skip-lazy' data-class='item' data-ftg-source='https:\/\/txellalarcon.com\/wp-content\/uploads\/2019\/03\/TAC_7059-1024x681.jpg' src='https:\/\/txellalarcon.com\/wp-content\/uploads\/2019\/03\/TAC_7059-1024x681.jpg' width='640' height='426' \/><\/a><div class='ftg-social'><\/div><\/div><div  class='tile ftg-preload'><a title=\"\" data-lightbox='ftg-2626' rel='ftg-2626'  class='tile-inner  ftg-lightbox' href='https:\/\/txellalarcon.com\/wp-content\/uploads\/2019\/03\/TAC_8112-1-1024x681.jpg' ><img alt='' class='item skip-lazy' data-class='item' data-ftg-source='https:\/\/txellalarcon.com\/wp-content\/uploads\/2019\/03\/TAC_8112-1-1024x681.jpg' src='https:\/\/txellalarcon.com\/wp-content\/uploads\/2019\/03\/TAC_8112-1-1024x681.jpg' width='640' height='426' \/><\/a><div class='ftg-social'><\/div><\/div><div  class='tile ftg-preload'><a title=\"\" data-lightbox='ftg-2626' rel='ftg-2626'  class='tile-inner  ftg-lightbox' href='https:\/\/txellalarcon.com\/wp-content\/uploads\/2019\/03\/mis-1-1-1024x681.jpg' ><img alt='' class='item skip-lazy' data-class='item' data-ftg-source='https:\/\/txellalarcon.com\/wp-content\/uploads\/2019\/03\/mis-1-1-1024x681.jpg' src='https:\/\/txellalarcon.com\/wp-content\/uploads\/2019\/03\/mis-1-1-1024x681.jpg' width='640' height='426' \/><\/a><div class='ftg-social'><\/div><\/div><div  class='tile ftg-preload'><a title=\"\" data-lightbox='ftg-2626' rel='ftg-2626'  class='tile-inner  ftg-lightbox' href='https:\/\/txellalarcon.com\/wp-content\/uploads\/2019\/03\/DSC_1276-1-681x1024.jpg' ><img alt='' class='item skip-lazy' data-class='item' data-ftg-source='https:\/\/txellalarcon.com\/wp-content\/uploads\/2019\/03\/DSC_1276-1-681x1024.jpg' src='https:\/\/txellalarcon.com\/wp-content\/uploads\/2019\/03\/DSC_1276-1-681x1024.jpg' width='640' height='962' \/><\/a><div class='ftg-social'><\/div><\/div><div  class='tile ftg-preload'><a title=\"\" data-lightbox='ftg-2626' rel='ftg-2626'  class='tile-inner  ftg-lightbox' href='https:\/\/txellalarcon.com\/wp-content\/uploads\/2019\/03\/TAC_4868-1-1024x681.jpg' ><img alt='' class='item skip-lazy' data-class='item' data-ftg-source='https:\/\/txellalarcon.com\/wp-content\/uploads\/2019\/03\/TAC_4868-1-1024x681.jpg' src='https:\/\/txellalarcon.com\/wp-content\/uploads\/2019\/03\/TAC_4868-1-1024x681.jpg' width='640' height='426' \/><\/a><div class='ftg-social'><\/div><\/div><div  class='tile ftg-preload'><a title=\"\" data-lightbox='ftg-2626' rel='ftg-2626'  class='tile-inner  ftg-lightbox' href='https:\/\/txellalarcon.com\/wp-content\/uploads\/2019\/03\/TAC_4711-1-681x1024.jpg' ><img alt='' class='item skip-lazy' data-class='item' data-ftg-source='https:\/\/txellalarcon.com\/wp-content\/uploads\/2019\/03\/TAC_4711-1-681x1024.jpg' src='https:\/\/txellalarcon.com\/wp-content\/uploads\/2019\/03\/TAC_4711-1-681x1024.jpg' width='640' height='962' \/><\/a><div class='ftg-social'><\/div><\/div><div  class='tile ftg-preload'><a title=\"\" data-lightbox='ftg-2626' rel='ftg-2626'  class='tile-inner  ftg-lightbox' href='https:\/\/txellalarcon.com\/wp-content\/uploads\/2019\/03\/TAC_4359-1-1024x681.jpg' ><img alt='' class='item skip-lazy' data-class='item' data-ftg-source='https:\/\/txellalarcon.com\/wp-content\/uploads\/2019\/03\/TAC_4359-1-1024x681.jpg' src='https:\/\/txellalarcon.com\/wp-content\/uploads\/2019\/03\/TAC_4359-1-1024x681.jpg' width='640' height='426' \/><\/a><div class='ftg-social'><\/div><\/div><div  class='tile ftg-preload'><a title=\"\" data-lightbox='ftg-2626' rel='ftg-2626'  class='tile-inner  ftg-lightbox' href='https:\/\/txellalarcon.com\/wp-content\/uploads\/2019\/03\/TAC_4816-1-1024x681.jpg' ><img alt='' class='item skip-lazy' data-class='item' data-ftg-source='https:\/\/txellalarcon.com\/wp-content\/uploads\/2019\/03\/TAC_4816-1-1024x681.jpg' src='https:\/\/txellalarcon.com\/wp-content\/uploads\/2019\/03\/TAC_4816-1-1024x681.jpg' width='640' height='426' \/><\/a><div class='ftg-social'><\/div><\/div><div  class='tile ftg-preload'><a title=\"\" data-lightbox='ftg-2626' rel='ftg-2626'  class='tile-inner  ftg-lightbox' href='https:\/\/txellalarcon.com\/wp-content\/uploads\/2019\/03\/TAC_4606-1-1024x681.jpg' ><img alt='' class='item skip-lazy' data-class='item' data-ftg-source='https:\/\/txellalarcon.com\/wp-content\/uploads\/2019\/03\/TAC_4606-1-1024x681.jpg' src='https:\/\/txellalarcon.com\/wp-content\/uploads\/2019\/03\/TAC_4606-1-1024x681.jpg' width='640' height='426' \/><\/a><div class='ftg-social'><\/div><\/div><div  class='tile ftg-preload'><a title=\"\" data-lightbox='ftg-2626' rel='ftg-2626'  class='tile-inner  ftg-lightbox' href='https:\/\/txellalarcon.com\/wp-content\/uploads\/2019\/03\/minim-1-1024x581.jpg' ><img alt='' class='item skip-lazy' data-class='item' data-ftg-source='https:\/\/txellalarcon.com\/wp-content\/uploads\/2019\/03\/minim-1-1024x581.jpg' src='https:\/\/txellalarcon.com\/wp-content\/uploads\/2019\/03\/minim-1-1024x581.jpg' width='640' height='363' \/><\/a><div class='ftg-social'><\/div><\/div><div  class='tile ftg-preload'><a title=\"\" data-lightbox='ftg-2626' rel='ftg-2626'  class='tile-inner  ftg-lightbox' href='https:\/\/txellalarcon.com\/wp-content\/uploads\/2019\/03\/minimk-1-1024x581.jpg' ><img alt='' class='item skip-lazy' data-class='item' data-ftg-source='https:\/\/txellalarcon.com\/wp-content\/uploads\/2019\/03\/minimk-1-1024x581.jpg' src='https:\/\/txellalarcon.com\/wp-content\/uploads\/2019\/03\/minimk-1-1024x581.jpg' width='640' height='363' \/><\/a><div class='ftg-social'><\/div><\/div><div  class='tile ftg-preload'><a title=\"\" data-lightbox='ftg-2626' rel='ftg-2626'  class='tile-inner  ftg-lightbox' href='https:\/\/txellalarcon.com\/wp-content\/uploads\/2019\/03\/MAC_8821-1-686x1024.jpg' ><img alt='' class='item skip-lazy' data-class='item' data-ftg-source='https:\/\/txellalarcon.com\/wp-content\/uploads\/2019\/03\/MAC_8821-1-686x1024.jpg' src='https:\/\/txellalarcon.com\/wp-content\/uploads\/2019\/03\/MAC_8821-1-686x1024.jpg' width='640' height='955' \/><\/a><div class='ftg-social'><\/div><\/div><div  class='tile ftg-preload'><a title=\"\" data-lightbox='ftg-2626' rel='ftg-2626'  class='tile-inner  ftg-lightbox' href='https:\/\/txellalarcon.com\/wp-content\/uploads\/2019\/03\/MAC_8831-1-686x1024.jpg' ><img alt='' class='item skip-lazy' data-class='item' data-ftg-source='https:\/\/txellalarcon.com\/wp-content\/uploads\/2019\/03\/MAC_8831-1-686x1024.jpg' src='https:\/\/txellalarcon.com\/wp-content\/uploads\/2019\/03\/MAC_8831-1-686x1024.jpg' width='640' height='955' \/><\/a><div class='ftg-social'><\/div><\/div><div  class='tile ftg-preload'><a title=\"\" data-lightbox='ftg-2626' rel='ftg-2626'  class='tile-inner  ftg-lightbox' href='https:\/\/txellalarcon.com\/wp-content\/uploads\/2019\/03\/DSC_4124-1-1024x681.jpg' ><img alt='' class='item skip-lazy' data-class='item' data-ftg-source='https:\/\/txellalarcon.com\/wp-content\/uploads\/2019\/03\/DSC_4124-1-1024x681.jpg' src='https:\/\/txellalarcon.com\/wp-content\/uploads\/2019\/03\/DSC_4124-1-1024x681.jpg' width='640' height='426' \/><\/a><div class='ftg-social'><\/div><\/div><div  class='tile ftg-preload'><a title=\"\" data-lightbox='ftg-2626' rel='ftg-2626'  class='tile-inner  ftg-lightbox' href='https:\/\/txellalarcon.com\/wp-content\/uploads\/2019\/03\/stimulsbytxellalarcon-1-724x1024.jpg' ><img alt='' class='item skip-lazy' data-class='item' data-ftg-source='https:\/\/txellalarcon.com\/wp-content\/uploads\/2019\/03\/stimulsbytxellalarcon-1-724x1024.jpg' src='https:\/\/txellalarcon.com\/wp-content\/uploads\/2019\/03\/stimulsbytxellalarcon-1-724x1024.jpg' width='640' height='905' \/><\/a><div class='ftg-social'><\/div><\/div><div  class='tile ftg-preload'><a title=\"\" data-lightbox='ftg-2626' rel='ftg-2626'  class='tile-inner  ftg-lightbox' href='https:\/\/txellalarcon.com\/wp-content\/uploads\/2019\/03\/NATURE-2-1-1024x681.jpg' ><img alt='' class='item skip-lazy' data-class='item' data-ftg-source='https:\/\/txellalarcon.com\/wp-content\/uploads\/2019\/03\/NATURE-2-1-1024x681.jpg' src='https:\/\/txellalarcon.com\/wp-content\/uploads\/2019\/03\/NATURE-2-1-1024x681.jpg' width='640' height='426' \/><\/a><div class='ftg-social'><\/div><\/div><div  class='tile ftg-preload'><a title=\"\" data-lightbox='ftg-2626' rel='ftg-2626'  class='tile-inner  ftg-lightbox' href='https:\/\/txellalarcon.com\/wp-content\/uploads\/2019\/03\/CRIST-2-1-681x1024.jpg' ><img alt='' class='item skip-lazy' data-class='item' data-ftg-source='https:\/\/txellalarcon.com\/wp-content\/uploads\/2019\/03\/CRIST-2-1-681x1024.jpg' src='https:\/\/txellalarcon.com\/wp-content\/uploads\/2019\/03\/CRIST-2-1-681x1024.jpg' width='640' height='962' \/><\/a><div class='ftg-social'><\/div><\/div><\/div><\/div><\/div>\n\n\n\n\n\n<p>Showcased clients: Lilo Ceramics, House of dots,  Homestock Limited Editions, ID Store, Weidesign, BrandMission,  Design Taps Mart\u00ed 1921, F32, Stimuls and Minimiks.<\/p>\n\n\n\n\n\n\n\n<h2 class=\"wp-block-heading\">\u00bfTe interesa otro tipo de fotograf\u00eda?<\/h2>\n\n\n\n<div class=\"wp-block-columns is-layout-flex wp-container-core-columns-is-layout-9d6595d7 wp-block-columns-is-layout-flex\">\n<div class=\"wp-block-column is-layout-flow wp-block-column-is-layout-flow\">\n<div class=\"wp-block-image\"><figure class=\"aligncenter size-large\"><a href=\"https:\/\/txellalarcon.com\/es\/interior-photography\/\"><img loading=\"lazy\" decoding=\"async\" width=\"200\" height=\"200\" src=\"https:\/\/txellalarcon.com\/wp-content\/uploads\/2020\/05\/business.jpg\" alt=\"\" class=\"wp-image-1194\" srcset=\"https:\/\/txellalarcon.com\/wp-content\/uploads\/2020\/05\/business.jpg 200w, https:\/\/txellalarcon.com\/wp-content\/uploads\/2020\/05\/business-150x150.jpg 150w, https:\/\/txellalarcon.com\/wp-content\/uploads\/2020\/05\/business-174x174.jpg 174w\" sizes=\"auto, (max-width: 200px) 100vw, 200px\" \/><\/a><figcaption><strong><strong><strong>FOTOGRAF\u00cdA DE INTERIORES<\/strong><br><\/strong><\/strong>Echa un vistazo a los espectaculares interiores que he tenido el placer de fotografiar.\n\u00bfQuiz\u00e1s el pr\u00f3ximo espacio en aparecer sea el tuyo?\ud83d\ude09<\/figcaption><\/figure><\/div>\n<\/div>\n\n\n\n<div class=\"wp-block-column is-layout-flow wp-block-column-is-layout-flow\">\n<div class=\"wp-block-image\"><figure class=\"aligncenter size-large\"><a href=\"https:\/\/txellalarcon.com\/es\/portraits\/\"><img loading=\"lazy\" decoding=\"async\" width=\"200\" height=\"200\" src=\"https:\/\/txellalarcon.com\/wp-content\/uploads\/2020\/05\/portraits.jpg\" alt=\"\" class=\"wp-image-1195\" srcset=\"https:\/\/txellalarcon.com\/wp-content\/uploads\/2020\/05\/portraits.jpg 200w, https:\/\/txellalarcon.com\/wp-content\/uploads\/2020\/05\/portraits-150x150.jpg 150w, https:\/\/txellalarcon.com\/wp-content\/uploads\/2020\/05\/portraits-174x174.jpg 174w\" sizes=\"auto, (max-width: 200px) 100vw, 200px\" \/><\/a><figcaption><strong>RETRATOS<\/strong><br>Porque mostrarte a ti y a tu equipo har\u00e1 que tu marca inspire m\u00e1s confianza a tus clientes potenciales.<\/figcaption><\/figure><\/div>\n<\/div>\n\n\n\n<div class=\"wp-block-column is-layout-flow wp-block-column-is-layout-flow\"><\/div>\n\n\n\n<div class=\"wp-block-column is-layout-flow wp-block-column-is-layout-flow\"><\/div>\n<\/div>","protected":false},"excerpt":{"rendered":"<p>One of the challenges of shopping online is that consumers can\u2019t pick up the product, so they have to trust on visuals. As they won\u2019t be able to fully experience the product, your pictures need to do everything they possibly can to capture the physical benefits and convince buyers that your products are high quality <a href=\"https:\/\/txellalarcon.com\/es\/product\/\" rel=\"nofollow\"><span class=\"sr-only\">Leer m\u00e1sProduct photography<\/span>[&hellip;]<\/a><\/p>\n","protected":false},"author":1,"featured_media":0,"parent":0,"menu_order":0,"comment_status":"closed","ping_status":"closed","template":"","meta":{"footnotes":""},"class_list":["post-37","page","type-page","status-publish","hentry"],"aioseo_notices":[],"_links":{"self":[{"href":"https:\/\/txellalarcon.com\/es\/wp-json\/wp\/v2\/pages\/37","targetHints":{"allow":["GET"]}}],"collection":[{"href":"https:\/\/txellalarcon.com\/es\/wp-json\/wp\/v2\/pages"}],"about":[{"href":"https:\/\/txellalarcon.com\/es\/wp-json\/wp\/v2\/types\/page"}],"author":[{"embeddable":true,"href":"https:\/\/txellalarcon.com\/es\/wp-json\/wp\/v2\/users\/1"}],"replies":[{"embeddable":true,"href":"https:\/\/txellalarcon.com\/es\/wp-json\/wp\/v2\/comments?post=37"}],"version-history":[{"count":59,"href":"https:\/\/txellalarcon.com\/es\/wp-json\/wp\/v2\/pages\/37\/revisions"}],"predecessor-version":[{"id":2071,"href":"https:\/\/txellalarcon.com\/es\/wp-json\/wp\/v2\/pages\/37\/revisions\/2071"}],"wp:attachment":[{"href":"https:\/\/txellalarcon.com\/es\/wp-json\/wp\/v2\/media?parent=37"}],"curies":[{"name":"wp","href":"https:\/\/api.w.org\/{rel}","templated":true}]}}