{"id":36,"date":"2019-01-06T19:29:05","date_gmt":"2019-01-06T19:29:05","guid":{"rendered":"https:\/\/txellalarcon.com\/interiors\/?page_id=36"},"modified":"2021-05-10T17:03:30","modified_gmt":"2021-05-10T16:03:30","slug":"projects","status":"publish","type":"page","link":"https:\/\/txellalarcon.com\/es\/projects\/","title":{"rendered":"Projects"},"content":{"rendered":"<p>The importance of&nbsp;good photography in design is basic. No matter how good the design is, bad pictures will only produce a sense of a below-standard job. Architectural photography (interiors, exteriors, design elements, etc) is a skilled art and requires specialized knowledge.<\/p>\n\n\n\n<p>For all creatives in general, from kitchen and houseware designers to interior stylist and decorators, having a portfolio of the best completed projects is a big asset to have, in order to being able to showcase their style to new costumers.<\/p>\n\n\n\n<p>Tanto si eres interiorista, decorador, arquitecto o dise\u00f1ador de mobiliario, necesitas im\u00e1genes que est\u00e9n a la altura de tu creatividad. Im\u00e1genes que hablen por ti y que enamoren a nuevos clientes desde el primer vistazo. D\u00e9jame ayudarte a construir ese portafolio que potencie tu marca y te abra nuevas oportunidades. <a rel=\"noreferrer noopener\" href=\"https:\/\/txellalarcon.com\/es\/contact-photographer\/\" target=\"_blank\">Cont\u00e1ctame hoy y empecemos a mostrar tu talento como se merece<\/a>!<\/p>\n\n\n\n<div class=\"wp-block-ftg-gallery\"><!-- Final Tiles Grid Gallery for WordPress v3.6.13 free --><style>#ftg-2828 .tile .icon { color:#ffffff; }#ftg-2828 .ftg-items .loading-bar i { background:#666; }#ftg-2828 .ftg-items .loading-bar { background:#fff; }#ftg-2828 .tile .icon { font-size:12px; }#ftg-2828 .tile .icon { margin: -6px 0 0 -6px; }#ftg-2828 .tile .caption-block .text-wrapper span.text { font-size:12px; }#ftg-2828 .tile .caption-outside .text-wrapper span.text { font-size:12px; }#ftg-2828 .tile .caption-block .text-wrapper span.title { font-size:14px; }#ftg-2828 .tile .caption-outside .text-wrapper span.title { font-size:14px; }#ftg-2828 .tile { background-color: transparent; }#ftg-2828 .tile .caption-block .text-wrapper span.text { color: #ffffff; }#ftg-2828 .tile .caption-block .text-wrapper span.title { color: #ffffff; }#ftg-2828 .tile .caption-outside .text-wrapper span.text { color: #ffffff; }#ftg-2828 .tile .caption-outside .text-wrapper span.title { color: #ffffff; }#ftg-2828 .tile .ftg-social a { color: #ffffff; }#ftg-2828 .tile .caption-block { transition-duration:0.25s; }#ftg-2828 .tile .tile-inner:before { background-color: #000000; }#ftg-2828 .tile .tile-inner:before { background-color: rgba(0, 0, 0, 0.8); }#ftg-2828 .tile:hover img {-moz-transform: ;-webkit-transform: ;-o-transform: ;-ms-transform: ;transform: ;}<\/style><a name=\"28\"><\/a><div class=\"final-tiles-gallery  ftg-hover-enabled caption-inside  caption-none caption-middle caption-center\" id=\"ftg-2828\" style=\"width: 100%\"><div class='ftg-items'><div class='loading-bar'><i><\/i><\/div><div  class='tile ftg-preload'><a title=\"\" data-lightbox='ftg-2828' rel='ftg-2828'  class='tile-inner  ftg-lightbox' href='https:\/\/txellalarcon.com\/wp-content\/uploads\/2019\/03\/TAC5131-1-681x1024.jpg' ><img alt='' class='item skip-lazy' data-class='item' data-ftg-source='https:\/\/txellalarcon.com\/wp-content\/uploads\/2019\/03\/TAC5131-1-681x1024.jpg' src='https:\/\/txellalarcon.com\/wp-content\/uploads\/2019\/03\/TAC5131-1-681x1024.jpg' width='640' height='962' \/><\/a><div class='ftg-social'><\/div><\/div><div  class='tile ftg-preload'><a title=\"\" data-lightbox='ftg-2828' rel='ftg-2828'  class='tile-inner  ftg-lightbox' href='https:\/\/txellalarcon.com\/wp-content\/uploads\/2019\/03\/TAC2816-1-1024x681.jpg' ><img alt='' class='item skip-lazy' data-class='item' data-ftg-source='https:\/\/txellalarcon.com\/wp-content\/uploads\/2019\/03\/TAC2816-1-1024x681.jpg' src='https:\/\/txellalarcon.com\/wp-content\/uploads\/2019\/03\/TAC2816-1-1024x681.jpg' width='640' height='426' \/><\/a><div class='ftg-social'><\/div><\/div><div  class='tile ftg-preload'><a title=\"\" data-lightbox='ftg-2828' rel='ftg-2828'  class='tile-inner  ftg-lightbox' href='https:\/\/txellalarcon.com\/wp-content\/uploads\/2019\/03\/TAC_0395_1-2-1024x681.jpg' ><img alt='' class='item skip-lazy' data-class='item' data-ftg-source='https:\/\/txellalarcon.com\/wp-content\/uploads\/2019\/03\/TAC_0395_1-2-1024x681.jpg' src='https:\/\/txellalarcon.com\/wp-content\/uploads\/2019\/03\/TAC_0395_1-2-1024x681.jpg' width='640' height='426' \/><\/a><div class='ftg-social'><\/div><\/div><div  class='tile ftg-preload'><a title=\"\" data-lightbox='ftg-2828' rel='ftg-2828'  class='tile-inner  ftg-lightbox' href='https:\/\/txellalarcon.com\/wp-content\/uploads\/2019\/03\/TAC_0370-1-681x1024.jpg' ><img alt='' class='item skip-lazy' data-class='item' data-ftg-source='https:\/\/txellalarcon.com\/wp-content\/uploads\/2019\/03\/TAC_0370-1-681x1024.jpg' src='https:\/\/txellalarcon.com\/wp-content\/uploads\/2019\/03\/TAC_0370-1-681x1024.jpg' width='640' height='962' \/><\/a><div class='ftg-social'><\/div><\/div><div  class='tile ftg-preload'><a title=\"\" data-lightbox='ftg-2828' rel='ftg-2828'  class='tile-inner  ftg-lightbox' href='https:\/\/txellalarcon.com\/wp-content\/uploads\/2019\/03\/TAC_0335-1-1024x681.jpg' ><img alt='' class='item skip-lazy' data-class='item' data-ftg-source='https:\/\/txellalarcon.com\/wp-content\/uploads\/2019\/03\/TAC_0335-1-1024x681.jpg' src='https:\/\/txellalarcon.com\/wp-content\/uploads\/2019\/03\/TAC_0335-1-1024x681.jpg' width='640' height='426' \/><\/a><div class='ftg-social'><\/div><\/div><div  class='tile ftg-preload'><a title=\"\" data-lightbox='ftg-2828' rel='ftg-2828'  class='tile-inner  ftg-lightbox' href='https:\/\/txellalarcon.com\/wp-content\/uploads\/2019\/03\/TAC_0430-1-1024x681.jpg' ><img alt='' class='item skip-lazy' data-class='item' data-ftg-source='https:\/\/txellalarcon.com\/wp-content\/uploads\/2019\/03\/TAC_0430-1-1024x681.jpg' src='https:\/\/txellalarcon.com\/wp-content\/uploads\/2019\/03\/TAC_0430-1-1024x681.jpg' width='640' height='426' \/><\/a><div class='ftg-social'><\/div><\/div><div  class='tile ftg-preload'><a title=\"\" data-lightbox='ftg-2828' rel='ftg-2828'  class='tile-inner  ftg-lightbox' href='https:\/\/txellalarcon.com\/wp-content\/uploads\/2019\/03\/TAC_7570ok-1-681x1024.jpg' ><img alt='' class='item skip-lazy' data-class='item' data-ftg-source='https:\/\/txellalarcon.com\/wp-content\/uploads\/2019\/03\/TAC_7570ok-1-681x1024.jpg' src='https:\/\/txellalarcon.com\/wp-content\/uploads\/2019\/03\/TAC_7570ok-1-681x1024.jpg' width='640' height='962' \/><\/a><div class='ftg-social'><\/div><\/div><div  class='tile ftg-preload'><a title=\"\" data-lightbox='ftg-2828' rel='ftg-2828'  class='tile-inner  ftg-lightbox' href='https:\/\/txellalarcon.com\/wp-content\/uploads\/2019\/03\/TAC_0313-1-1024x681.jpg' ><img alt='' class='item skip-lazy' data-class='item' data-ftg-source='https:\/\/txellalarcon.com\/wp-content\/uploads\/2019\/03\/TAC_0313-1-1024x681.jpg' src='https:\/\/txellalarcon.com\/wp-content\/uploads\/2019\/03\/TAC_0313-1-1024x681.jpg' width='640' height='426' \/><\/a><div class='ftg-social'><\/div><\/div><div  class='tile ftg-preload'><a title=\"\" data-lightbox='ftg-2828' rel='ftg-2828'  class='tile-inner  ftg-lightbox' href='https:\/\/txellalarcon.com\/wp-content\/uploads\/2019\/03\/TAC_7574-1-681x1024.jpg' ><img alt='' class='item skip-lazy' data-class='item' data-ftg-source='https:\/\/txellalarcon.com\/wp-content\/uploads\/2019\/03\/TAC_7574-1-681x1024.jpg' src='https:\/\/txellalarcon.com\/wp-content\/uploads\/2019\/03\/TAC_7574-1-681x1024.jpg' width='640' height='962' \/><\/a><div class='ftg-social'><\/div><\/div><div  class='tile ftg-preload'><a title=\"\" data-lightbox='ftg-2828' rel='ftg-2828'  class='tile-inner  ftg-lightbox' href='https:\/\/txellalarcon.com\/wp-content\/uploads\/2019\/03\/TAC_7629-1-1024x681.jpg' ><img alt='' class='item skip-lazy' data-class='item' data-ftg-source='https:\/\/txellalarcon.com\/wp-content\/uploads\/2019\/03\/TAC_7629-1-1024x681.jpg' src='https:\/\/txellalarcon.com\/wp-content\/uploads\/2019\/03\/TAC_7629-1-1024x681.jpg' width='640' height='426' \/><\/a><div class='ftg-social'><\/div><\/div><div  class='tile ftg-preload'><a title=\"\" data-lightbox='ftg-2828' rel='ftg-2828'  class='tile-inner  ftg-lightbox' href='https:\/\/txellalarcon.com\/wp-content\/uploads\/2019\/03\/TAC_7617-1-1024x681.jpg' ><img alt='' class='item skip-lazy' data-class='item' data-ftg-source='https:\/\/txellalarcon.com\/wp-content\/uploads\/2019\/03\/TAC_7617-1-1024x681.jpg' src='https:\/\/txellalarcon.com\/wp-content\/uploads\/2019\/03\/TAC_7617-1-1024x681.jpg' width='640' height='426' \/><\/a><div class='ftg-social'><\/div><\/div><div  class='tile ftg-preload'><a title=\"\" data-lightbox='ftg-2828' rel='ftg-2828'  class='tile-inner  ftg-lightbox' href='https:\/\/txellalarcon.com\/wp-content\/uploads\/2019\/03\/TAC_7521-1-1024x681.jpg' ><img alt='' class='item skip-lazy' data-class='item' data-ftg-source='https:\/\/txellalarcon.com\/wp-content\/uploads\/2019\/03\/TAC_7521-1-1024x681.jpg' src='https:\/\/txellalarcon.com\/wp-content\/uploads\/2019\/03\/TAC_7521-1-1024x681.jpg' width='640' height='426' \/><\/a><div class='ftg-social'><\/div><\/div><div  class='tile ftg-preload'><a title=\"\" data-lightbox='ftg-2828' rel='ftg-2828'  class='tile-inner  ftg-lightbox' href='https:\/\/txellalarcon.com\/wp-content\/uploads\/2019\/03\/TAC_7591-1-681x1024.jpg' ><img alt='' class='item skip-lazy' data-class='item' data-ftg-source='https:\/\/txellalarcon.com\/wp-content\/uploads\/2019\/03\/TAC_7591-1-681x1024.jpg' src='https:\/\/txellalarcon.com\/wp-content\/uploads\/2019\/03\/TAC_7591-1-681x1024.jpg' width='640' height='962' \/><\/a><div class='ftg-social'><\/div><\/div><div  class='tile ftg-preload'><a title=\"\" data-lightbox='ftg-2828' rel='ftg-2828'  class='tile-inner  ftg-lightbox' href='https:\/\/txellalarcon.com\/wp-content\/uploads\/2019\/03\/TAC_2631-681x1024.jpg' ><img alt='' class='item skip-lazy' data-class='item' data-ftg-source='https:\/\/txellalarcon.com\/wp-content\/uploads\/2019\/03\/TAC_2631-681x1024.jpg' src='https:\/\/txellalarcon.com\/wp-content\/uploads\/2019\/03\/TAC_2631-681x1024.jpg' width='640' height='962' \/><\/a><div class='ftg-social'><\/div><\/div><div  class='tile ftg-preload'><a title=\"\" data-lightbox='ftg-2828' rel='ftg-2828'  class='tile-inner  ftg-lightbox' href='https:\/\/txellalarcon.com\/wp-content\/uploads\/2019\/03\/TAC_1676-1-681x1024.jpg' ><img alt='' class='item skip-lazy' data-class='item' data-ftg-source='https:\/\/txellalarcon.com\/wp-content\/uploads\/2019\/03\/TAC_1676-1-681x1024.jpg' src='https:\/\/txellalarcon.com\/wp-content\/uploads\/2019\/03\/TAC_1676-1-681x1024.jpg' width='640' height='962' \/><\/a><div class='ftg-social'><\/div><\/div><div  class='tile ftg-preload'><a title=\"\" data-lightbox='ftg-2828' rel='ftg-2828'  class='tile-inner  ftg-lightbox' href='https:\/\/txellalarcon.com\/wp-content\/uploads\/2019\/03\/DSC_3430-1-1024x681.jpg' ><img alt='' class='item skip-lazy' data-class='item' data-ftg-source='https:\/\/txellalarcon.com\/wp-content\/uploads\/2019\/03\/DSC_3430-1-1024x681.jpg' src='https:\/\/txellalarcon.com\/wp-content\/uploads\/2019\/03\/DSC_3430-1-1024x681.jpg' width='640' height='426' \/><\/a><div class='ftg-social'><\/div><\/div><div  class='tile ftg-preload'><a title=\"\" data-lightbox='ftg-2828' rel='ftg-2828'  class='tile-inner  ftg-lightbox' href='https:\/\/txellalarcon.com\/wp-content\/uploads\/2019\/03\/DSC_3468-1-1024x681.jpg' ><img alt='' class='item skip-lazy' data-class='item' data-ftg-source='https:\/\/txellalarcon.com\/wp-content\/uploads\/2019\/03\/DSC_3468-1-1024x681.jpg' src='https:\/\/txellalarcon.com\/wp-content\/uploads\/2019\/03\/DSC_3468-1-1024x681.jpg' width='640' height='426' \/><\/a><div class='ftg-social'><\/div><\/div><div  class='tile ftg-preload'><a title=\"\" data-lightbox='ftg-2828' rel='ftg-2828'  class='tile-inner  ftg-lightbox' href='https:\/\/txellalarcon.com\/wp-content\/uploads\/2019\/03\/DSC_3488-1024x681.jpg' ><img alt='' class='item skip-lazy' data-class='item' data-ftg-source='https:\/\/txellalarcon.com\/wp-content\/uploads\/2019\/03\/DSC_3488-1024x681.jpg' src='https:\/\/txellalarcon.com\/wp-content\/uploads\/2019\/03\/DSC_3488-1024x681.jpg' width='640' height='426' \/><\/a><div class='ftg-social'><\/div><\/div><\/div><\/div><\/div>\n\n\n\n\n\n<p>Clientes expuestos: D\u00e9vies cookcompany, De Jager Interieur, IJzersterk interieurontwerp y Choc Studio.<\/p>\n\n\n\n<p><\/p>\n\n\n\n\n\n<h2 class=\"wp-block-heading\">\u00bfTe interesa otro tipo de fotograf\u00eda?<\/h2>\n\n\n\n<div class=\"wp-block-group\"><div class=\"wp-block-group__inner-container is-layout-flow wp-block-group-is-layout-flow\">\n<div class=\"wp-block-themeisle-blocks-advanced-columns has-4-columns has-desktop-equal-layout has-tablet-equal-layout has-mobile-collapsedRows-layout has-default-gap has-vertical-flex-start\" id=\"wp-block-themeisle-blocks-advanced-columns-8198cfe5\"><div class=\"wp-block-themeisle-blocks-advanced-columns-overlay\"><\/div><div class=\"innerblocks-wrap\">\n<div class=\"wp-block-themeisle-blocks-advanced-column\" id=\"wp-block-themeisle-blocks-advanced-column-0ede2272\">\n<div class=\"wp-block-image\"><figure class=\"aligncenter size-large\"><a href=\"https:\/\/txellalarcon.com\/es\/portraits\/\"><img loading=\"lazy\" decoding=\"async\" width=\"200\" height=\"200\" src=\"https:\/\/txellalarcon.com\/wp-content\/uploads\/2020\/05\/portraits.jpg\" alt=\"\" class=\"wp-image-1195\" srcset=\"https:\/\/txellalarcon.com\/wp-content\/uploads\/2020\/05\/portraits.jpg 200w, https:\/\/txellalarcon.com\/wp-content\/uploads\/2020\/05\/portraits-150x150.jpg 150w, https:\/\/txellalarcon.com\/wp-content\/uploads\/2020\/05\/portraits-174x174.jpg 174w\" sizes=\"auto, (max-width: 200px) 100vw, 200px\" \/><\/a><figcaption><strong>RETRATOS<\/strong><br> Porque mostrarte a ti y a tu equipo har\u00e1 que tu marca inspire m\u00e1s confianza a tus clientes potenciales.<\/figcaption><\/figure><\/div>\n<\/div>\n\n\n\n<div class=\"wp-block-themeisle-blocks-advanced-column\" id=\"wp-block-themeisle-blocks-advanced-column-93a4cb9d\">\n<div class=\"wp-block-image\"><figure class=\"aligncenter size-large\"><a href=\"\/es\/txellalarcon.com\/interior-photography\/\"><img loading=\"lazy\" decoding=\"async\" width=\"200\" height=\"200\" src=\"https:\/\/txellalarcon.com\/wp-content\/uploads\/2020\/05\/TAC9949-1.jpg\" alt=\"\" class=\"wp-image-1229\" srcset=\"https:\/\/txellalarcon.com\/wp-content\/uploads\/2020\/05\/TAC9949-1.jpg 200w, https:\/\/txellalarcon.com\/wp-content\/uploads\/2020\/05\/TAC9949-1-150x150.jpg 150w, https:\/\/txellalarcon.com\/wp-content\/uploads\/2020\/05\/TAC9949-1-174x174.jpg 174w\" sizes=\"auto, (max-width: 200px) 100vw, 200px\" \/><\/a><figcaption>I<strong>NTERIOR PHOTOGRAPHY<\/strong><br>Would  you like to have great pictures of your property? Check here how I can help you!<\/figcaption><\/figure><\/div>\n<\/div>\n\n\n\n<div class=\"wp-block-themeisle-blocks-advanced-column\" id=\"wp-block-themeisle-blocks-advanced-column-25b00f54\">\n<div class=\"wp-block-image\"><figure class=\"aligncenter size-large\"><a href=\"https:\/\/txellalarcon.com\/es\/product\/\"><img loading=\"lazy\" decoding=\"async\" width=\"200\" height=\"200\" src=\"https:\/\/txellalarcon.com\/wp-content\/uploads\/2020\/05\/DSC_3938.jpg\" alt=\"\" class=\"wp-image-1192\" srcset=\"https:\/\/txellalarcon.com\/wp-content\/uploads\/2020\/05\/DSC_3938.jpg 200w, https:\/\/txellalarcon.com\/wp-content\/uploads\/2020\/05\/DSC_3938-150x150.jpg 150w, https:\/\/txellalarcon.com\/wp-content\/uploads\/2020\/05\/DSC_3938-174x174.jpg 174w\" sizes=\"auto, (max-width: 200px) 100vw, 200px\" \/><\/a><figcaption><strong>FOTOGRAF\u00cdA DE PRODUCTOS   <\/strong>The best asset for your success to engage with the costumer. Check what I can  do for you!<\/figcaption><\/figure><\/div>\n<\/div>\n\n\n\n<div class=\"wp-block-themeisle-blocks-advanced-column\" id=\"wp-block-themeisle-blocks-advanced-column-55014cf3\">\n<div class=\"wp-block-image\"><figure class=\"aligncenter size-large\"><a href=\"https:\/\/txellalarcon.com\/es\/business-photography\/\"><img loading=\"lazy\" decoding=\"async\" width=\"200\" height=\"200\" src=\"https:\/\/txellalarcon.com\/wp-content\/uploads\/2020\/05\/business.jpg\" alt=\"\" class=\"wp-image-1194\" srcset=\"https:\/\/txellalarcon.com\/wp-content\/uploads\/2020\/05\/business.jpg 200w, https:\/\/txellalarcon.com\/wp-content\/uploads\/2020\/05\/business-150x150.jpg 150w, https:\/\/txellalarcon.com\/wp-content\/uploads\/2020\/05\/business-174x174.jpg 174w\" sizes=\"auto, (max-width: 200px) 100vw, 200px\" \/><\/a><figcaption><strong>BUSINESS PHOTOGRAPHY<\/strong> <br>I can make great pictures of your business, for you to show on your web and social media. Take a look!<\/figcaption><\/figure><\/div>\n<\/div>\n<\/div><\/div>\n<\/div><\/div>\n\n\n\n<p><\/p>","protected":false},"excerpt":{"rendered":"<p>The importance of&nbsp;good photography in design is basic. No matter how good the design is, bad pictures will only produce a sense of a below-standard job. Architectural photography (interiors, exteriors, design elements, etc) is a skilled art and requires specialized knowledge. For all creatives in general, from kitchen and houseware designers to interior stylist and <a href=\"https:\/\/txellalarcon.com\/es\/projects\/\" rel=\"nofollow\"><span class=\"sr-only\">Leer m\u00e1sProjects<\/span>[&hellip;]<\/a><\/p>\n","protected":false},"author":1,"featured_media":0,"parent":0,"menu_order":0,"comment_status":"closed","ping_status":"closed","template":"","meta":{"footnotes":""},"class_list":["post-36","page","type-page","status-publish","hentry"],"aioseo_notices":[],"_links":{"self":[{"href":"https:\/\/txellalarcon.com\/es\/wp-json\/wp\/v2\/pages\/36","targetHints":{"allow":["GET"]}}],"collection":[{"href":"https:\/\/txellalarcon.com\/es\/wp-json\/wp\/v2\/pages"}],"about":[{"href":"https:\/\/txellalarcon.com\/es\/wp-json\/wp\/v2\/types\/page"}],"author":[{"embeddable":true,"href":"https:\/\/txellalarcon.com\/es\/wp-json\/wp\/v2\/users\/1"}],"replies":[{"embeddable":true,"href":"https:\/\/txellalarcon.com\/es\/wp-json\/wp\/v2\/comments?post=36"}],"version-history":[{"count":44,"href":"https:\/\/txellalarcon.com\/es\/wp-json\/wp\/v2\/pages\/36\/revisions"}],"predecessor-version":[{"id":1770,"href":"https:\/\/txellalarcon.com\/es\/wp-json\/wp\/v2\/pages\/36\/revisions\/1770"}],"wp:attachment":[{"href":"https:\/\/txellalarcon.com\/es\/wp-json\/wp\/v2\/media?parent=36"}],"curies":[{"name":"wp","href":"https:\/\/api.w.org\/{rel}","templated":true}]}}