{"id":34,"date":"2019-01-06T19:29:05","date_gmt":"2019-01-06T19:29:05","guid":{"rendered":"https:\/\/txellalarcon.com\/interiors\/?page_id=34"},"modified":"2025-07-16T14:15:55","modified_gmt":"2025-07-16T13:15:55","slug":"about-photographer","status":"publish","type":"page","link":"https:\/\/txellalarcon.com\/es\/about-photographer\/","title":{"rendered":"Sobre m\u00ed"},"content":{"rendered":"<p>Hola, soy Meritxell Alarc\u00f3n, fot\u00f3grafa nacida en Barcelona y afincada en Haarlem.\nTrabajo con emprendedores, marcas y profesionales como t\u00fa, que saben lo importante que es tener im\u00e1genes de calidad para mostrar su trabajo con orgullo y conectar con sus clientes.<\/p>\n\n\n\n<p class=\"translation-block\">Desde siempre me ha fascinado el poder de la fotograf\u00eda: capturar un instante y transformarlo en algo duradero, lleno de intenci\u00f3n y emoci\u00f3n. Tras graduarme, abr\u00ed mi propio estudio fotogr\u00e1fico en la provincia de Barcelona, donde durante a\u00f1os ofrec\u00ed sesiones de retrato, moda, bodas, beb\u00e9s y proyectos corporativos para grandes empresas. Muestra de mi trabajo de estudio https:\/\/txellalarcon.com\/studio\/<\/p>\n\n\n\n<p>Desde 2012 vivo y trabajo en Holanda, enfocada en tres especialidades que me apasionan: retratos, fotograf\u00eda de interiores y fotograf\u00eda de producto. Mis clientes principales son negocios del mundo del dise\u00f1o, la decoraci\u00f3n, la moda y adem\u00e1s interioristas, dise\u00f1adores de cocinas y mobiliario. <\/p>\n\n\n\n<p>Me considero una persona meticulosa, curiosa y comprometida, con ojo para los detalles y muchas ganas de aportar valor a trav\u00e9s de lo que hago.\n\nEntender lo que necesitas y crear im\u00e1genes que excedan tus expectativas es mi objetivo. La confianza de mis clientes ha sido \u2014y sigue siendo\u2014 mi mayor recompensa.\n\n\u00bfTe apetece que colaboremos? Escr\u00edbeme y cu\u00e9ntame tu idea. Estoy deseando conocer tu proyecto.<\/p>\n\n\n<div class=\"wp-block-image\">\n<figure class=\"alignright is-resized\"><img loading=\"lazy\" decoding=\"async\" width=\"580\" height=\"523\" src=\"https:\/\/txellalarcon.com\/wp-content\/uploads\/2019\/03\/txellalarcon-1.jpg\" alt=\"\" class=\"wp-image-579\" style=\"width:233px;height:210px\"\/><figcaption class=\"wp-element-caption\">        Meritxell Alarc\u00f3n, fot\u00f3grafa  <\/figcaption><\/figure><\/div>","protected":false},"excerpt":{"rendered":"<p>Hi! My name is Meritxell Alarcon. I am a photographer from Barcelona, living in Haarlem. Are you an entrepeneur with a great service, product of business and you want to have professional images? If so, I can help \ud83d\ude42 Since I can remember I have been attracted by the power photography: capture a moment and <a href=\"https:\/\/txellalarcon.com\/es\/about-photographer\/\" rel=\"nofollow\"><span class=\"sr-only\">Leer m\u00e1sAbout me<\/span>[&hellip;]<\/a><\/p>\n","protected":false},"author":1,"featured_media":0,"parent":0,"menu_order":0,"comment_status":"closed","ping_status":"closed","template":"","meta":{"footnotes":""},"class_list":["post-34","page","type-page","status-publish","hentry"],"aioseo_notices":[],"_links":{"self":[{"href":"https:\/\/txellalarcon.com\/es\/wp-json\/wp\/v2\/pages\/34","targetHints":{"allow":["GET"]}}],"collection":[{"href":"https:\/\/txellalarcon.com\/es\/wp-json\/wp\/v2\/pages"}],"about":[{"href":"https:\/\/txellalarcon.com\/es\/wp-json\/wp\/v2\/types\/page"}],"author":[{"embeddable":true,"href":"https:\/\/txellalarcon.com\/es\/wp-json\/wp\/v2\/users\/1"}],"replies":[{"embeddable":true,"href":"https:\/\/txellalarcon.com\/es\/wp-json\/wp\/v2\/comments?post=34"}],"version-history":[{"count":58,"href":"https:\/\/txellalarcon.com\/es\/wp-json\/wp\/v2\/pages\/34\/revisions"}],"predecessor-version":[{"id":2081,"href":"https:\/\/txellalarcon.com\/es\/wp-json\/wp\/v2\/pages\/34\/revisions\/2081"}],"wp:attachment":[{"href":"https:\/\/txellalarcon.com\/es\/wp-json\/wp\/v2\/media?parent=34"}],"curies":[{"name":"wp","href":"https:\/\/api.w.org\/{rel}","templated":true}]}}